{"id":1699,"date":"2022-11-18T10:20:36","date_gmt":"2022-11-18T09:20:36","guid":{"rendered":"https:\/\/www.immobilimpresa.net\/blog\/?page_id=1699"},"modified":"2022-11-18T12:37:27","modified_gmt":"2022-11-18T11:37:27","slug":"costi-e-condizioni","status":"publish","type":"page","link":"https:\/\/www.immobilimpresa.net\/blog\/costi-e-condizioni\/","title":{"rendered":"Costi e condizioni"},"content":{"rendered":"<h2 class=\"single-post-title entry-title\">Quali sono i servizi che puoi utilizzare per pubblicare un annuncio?<\/h2>\n<p style=\"text-align: center;\"><strong>PER I PRIVATI<\/strong><\/p>\n<ul>\n<li><strong>Economico<\/strong> durata di 60 giorni che consente di avere una visibilit\u00e0 SUFFICIENTE e quindi un numero di contatti relazionato alla visibilit\u00e0 dell\u2019annuncio, DURATA 60 GIORNI COSTO ZERO \u20ac<\/li>\n<li><strong>Base<\/strong> durata di 90 giorni offre una BUONA visibilit\u00e0 e un numero di contatti maggiore del servizio precedente e sufficienteper il suo scopo. In pi\u00f9 per ogni annuncio si possono pubblicare fino a 10 foto e 5 planimetrie oltre che ad essere presente in prima pagina, DURATA 90 GIORNI COSTO 30 \u20ac<\/li>\n<li><strong>Super <\/strong>\u00e8 caratterizzato da un OTTIMA visibilit\u00e0 con il massimo numero di contatti ottenibili, nonch\u00e8 la massima visibilit\u00e0, un accesso libero alla banca dati delle persone interessate all\u2019acquisto di un immobile simile a quello pubblicato e un\u2019assistenza dedicata per aiutarti nella pubblicazione dell\u2019annuncio e migliorarne le prestazioni, DURATA 150 GIORNI COSTO 70 \u20ac<\/li>\n<\/ul>\n<p>Per i servizi <strong>base<\/strong> e<strong> super <\/strong>puoi scegliere il metodo di pagamento che pi\u00f9 fa per te: carta di credito, PayPal oppure un bonifico bancario entro i 7 giorni dall&#8217;attivazione del servizio.<\/p>\n<p style=\"text-align: center;\"><strong>PER LE AGENZIE IMMOBILIARI<\/strong><\/p>\n<ul>\n<li><strong>Free <\/strong>durata di 3 mesi con rinnovo automatico senza costi, numero illimitato di annunci pubblicabili, al tuo potenziale cliente vengono immediatamente notificati i tuoi recapiti per dargli la possibilit\u00e0 di contattarti, COSTO ZERO \u20ac<\/li>\n<li><strong>PROfessional <\/strong>numero illimitato di annunci pubblicabili,\u00a0 ricevi richieste di informazioni specifiche dai potenziali clienti interessati ai Tuoi annunci, pubblica il Tuo Logo con l&#8217;anteprima dei Tuoi annunci e ottieni da un nostro esperto assistenza telefonica, COSTO MENSILE PER 50 ANNUNCI 45 \u20ac<\/li>\n<li class=\"list-group-item\"><strong>Premium<\/strong> numero illimitato di annunci pubblicabili, il Tuo annuncio \u00e8 sempre nella Prima Pagina di ricerca e ottieni la migliore visibilit\u00e0, pubblica il Tuo Logo con l&#8217;anteprima dei Tuoi annunci e il Tuo numero di telefono \u00e8 subito visibile all&#8217;interno degli annunci, COSTO MENSILE PER 50 ANNUNCI 75 \u20ac<\/li>\n<\/ul>\n<p style=\"text-align: center;\"><strong>PER TUTTI I SERVIZI<\/strong><\/p>\n<p><strong>Esporta le offerte con un semplice click<\/strong>, grazie al servizio d&#8217;interfaccia con i gestionali immobiliari avrai la possibilit\u00e0 di esportare con un semplice click tutte le offerte della Tua Agenzia \u00a0<a href=\"https:\/\/www.gazzettaimmobiliare.net\/gestionali.php\" target=\"_blank\" rel=\"noopener\"><strong>&gt;<\/strong>\u00a0vedi elenco<\/a><\/p>\n","protected":false},"excerpt":{"rendered":"<p>Quali sono i servizi che puoi utilizzare per pubblicare un annuncio? PER I PRIVATI Economico durata di 60 giorni che consente di avere una visibilit\u00e0 SUFFICIENTE e quindi un numero di contatti relazionato alla visibilit\u00e0 dell\u2019annuncio, DURATA 60 GIORNI COSTO ZERO \u20ac Base durata di 90 giorni offre una BUONA visibilit\u00e0 e un numero di [&hellip;]<\/p>\n","protected":false},"author":1,"featured_media":0,"parent":0,"menu_order":0,"comment_status":"closed","ping_status":"closed","template":"","meta":{"om_disable_all_campaigns":false,"ocean_post_layout":"","ocean_both_sidebars_style":"","ocean_both_sidebars_content_width":0,"ocean_both_sidebars_sidebars_width":0,"ocean_sidebar":"0","ocean_second_sidebar":"0","ocean_disable_margins":"enable","ocean_add_body_class":"","ocean_shortcode_before_top_bar":"","ocean_shortcode_after_top_bar":"","ocean_shortcode_before_header":"","ocean_shortcode_after_header":"","ocean_has_shortcode":"","ocean_shortcode_after_title":"","ocean_shortcode_before_footer_widgets":"","ocean_shortcode_after_footer_widgets":"","ocean_shortcode_before_footer_bottom":"","ocean_shortcode_after_footer_bottom":"","ocean_display_top_bar":"default","ocean_display_header":"default","ocean_header_style":"","ocean_center_header_left_menu":"0","ocean_custom_header_template":"0","ocean_custom_logo":0,"ocean_custom_retina_logo":0,"ocean_custom_logo_max_width":0,"ocean_custom_logo_tablet_max_width":0,"ocean_custom_logo_mobile_max_width":0,"ocean_custom_logo_max_height":0,"ocean_custom_logo_tablet_max_height":0,"ocean_custom_logo_mobile_max_height":0,"ocean_header_custom_menu":"0","ocean_menu_typo_font_family":"0","ocean_menu_typo_font_subset":"","ocean_menu_typo_font_size":0,"ocean_menu_typo_font_size_tablet":0,"ocean_menu_typo_font_size_mobile":0,"ocean_menu_typo_font_size_unit":"px","ocean_menu_typo_font_weight":"","ocean_menu_typo_font_weight_tablet":"","ocean_menu_typo_font_weight_mobile":"","ocean_menu_typo_transform":"","ocean_menu_typo_transform_tablet":"","ocean_menu_typo_transform_mobile":"","ocean_menu_typo_line_height":0,"ocean_menu_typo_line_height_tablet":0,"ocean_menu_typo_line_height_mobile":0,"ocean_menu_typo_line_height_unit":"","ocean_menu_typo_spacing":0,"ocean_menu_typo_spacing_tablet":0,"ocean_menu_typo_spacing_mobile":0,"ocean_menu_typo_spacing_unit":"","ocean_menu_link_color":"","ocean_menu_link_color_hover":"","ocean_menu_link_color_active":"","ocean_menu_link_background":"","ocean_menu_link_hover_background":"","ocean_menu_link_active_background":"","ocean_menu_social_links_bg":"","ocean_menu_social_hover_links_bg":"","ocean_menu_social_links_color":"","ocean_menu_social_hover_links_color":"","ocean_disable_title":"default","ocean_disable_heading":"default","ocean_post_title":"","ocean_post_subheading":"","ocean_post_title_style":"","ocean_post_title_background_color":"","ocean_post_title_background":0,"ocean_post_title_bg_image_position":"","ocean_post_title_bg_image_attachment":"","ocean_post_title_bg_image_repeat":"","ocean_post_title_bg_image_size":"","ocean_post_title_height":0,"ocean_post_title_bg_overlay":0.5,"ocean_post_title_bg_overlay_color":"","ocean_disable_breadcrumbs":"default","ocean_breadcrumbs_color":"","ocean_breadcrumbs_separator_color":"","ocean_breadcrumbs_links_color":"","ocean_breadcrumbs_links_hover_color":"","ocean_display_footer_widgets":"default","ocean_display_footer_bottom":"default","ocean_custom_footer_template":"0","footnotes":""},"class_list":["post-1699","page","type-page","status-publish","hentry","entry"],"aioseo_notices":[],"_links":{"self":[{"href":"https:\/\/www.immobilimpresa.net\/blog\/wp-json\/wp\/v2\/pages\/1699","targetHints":{"allow":["GET"]}}],"collection":[{"href":"https:\/\/www.immobilimpresa.net\/blog\/wp-json\/wp\/v2\/pages"}],"about":[{"href":"https:\/\/www.immobilimpresa.net\/blog\/wp-json\/wp\/v2\/types\/page"}],"author":[{"embeddable":true,"href":"https:\/\/www.immobilimpresa.net\/blog\/wp-json\/wp\/v2\/users\/1"}],"replies":[{"embeddable":true,"href":"https:\/\/www.immobilimpresa.net\/blog\/wp-json\/wp\/v2\/comments?post=1699"}],"version-history":[{"count":9,"href":"https:\/\/www.immobilimpresa.net\/blog\/wp-json\/wp\/v2\/pages\/1699\/revisions"}],"predecessor-version":[{"id":1726,"href":"https:\/\/www.immobilimpresa.net\/blog\/wp-json\/wp\/v2\/pages\/1699\/revisions\/1726"}],"wp:attachment":[{"href":"https:\/\/www.immobilimpresa.net\/blog\/wp-json\/wp\/v2\/media?parent=1699"}],"curies":[{"name":"wp","href":"https:\/\/api.w.org\/{rel}","templated":true}]}}