{"id":1630,"date":"2022-11-16T12:29:17","date_gmt":"2022-11-16T11:29:17","guid":{"rendered":"https:\/\/www.immobilimpresa.net\/blog\/?page_id=1630"},"modified":"2025-07-11T09:32:20","modified_gmt":"2025-07-11T07:32:20","slug":"homepage","status":"publish","type":"page","link":"https:\/\/www.immobilimpresa.net\/blog\/","title":{"rendered":"Homepage"},"content":{"rendered":"\t\t<div data-elementor-type=\"wp-page\" data-elementor-id=\"1630\" class=\"elementor elementor-1630\">\n\t\t\t\t\t\t<section class=\"elementor-section elementor-top-section elementor-element elementor-element-788c35c elementor-section-boxed elementor-section-height-default elementor-section-height-default\" data-id=\"788c35c\" data-element_type=\"section\">\n\t\t\t\t\t\t<div class=\"elementor-container elementor-column-gap-default\">\n\t\t\t\t\t<div class=\"elementor-column elementor-col-100 elementor-top-column elementor-element elementor-element-2aadd51\" data-id=\"2aadd51\" data-element_type=\"column\">\n\t\t\t<div class=\"elementor-widget-wrap elementor-element-populated\">\n\t\t\t\t\t\t<div class=\"elementor-element elementor-element-b2c4e96 elementor-widget elementor-widget-counter\" data-id=\"b2c4e96\" data-element_type=\"widget\" data-widget_type=\"counter.default\">\n\t\t\t\t<div class=\"elementor-widget-container\">\n\t\t\t\t\t\t\t<div class=\"elementor-counter\">\n\t\t\t<div class=\"elementor-counter-title\">UTILIZZATORI CHE HANNO GENERATO UNA RICHIESTA AL 11\/07\/2025<\/div>\t\t\t<div class=\"elementor-counter-number-wrapper\">\n\t\t\t\t<span class=\"elementor-counter-number-prefix\"><\/span>\n\t\t\t\t<span class=\"elementor-counter-number\" data-duration=\"1000\" data-to-value=\"31033\" data-from-value=\"0\" data-delimiter=\".\">0<\/span>\n\t\t\t\t<span class=\"elementor-counter-number-suffix\"><\/span>\n\t\t\t<\/div>\n\t\t<\/div>\n\t\t\t\t\t\t<\/div>\n\t\t\t\t<\/div>\n\t\t\t\t\t<\/div>\n\t\t<\/div>\n\t\t\t\t\t<\/div>\n\t\t<\/section>\n\t\t\t\t<section class=\"elementor-section elementor-top-section elementor-element elementor-element-c4dc51b elementor-section-boxed elementor-section-height-default elementor-section-height-default\" data-id=\"c4dc51b\" data-element_type=\"section\">\n\t\t\t\t\t\t<div class=\"elementor-container elementor-column-gap-default\">\n\t\t\t\t\t<div class=\"elementor-column elementor-col-100 elementor-top-column elementor-element elementor-element-6c5c32c\" data-id=\"6c5c32c\" data-element_type=\"column\">\n\t\t\t<div class=\"elementor-widget-wrap elementor-element-populated\">\n\t\t\t\t\t\t<div class=\"elementor-element elementor-element-1bc7cc0 elementor-widget elementor-widget-text-editor\" data-id=\"1bc7cc0\" data-element_type=\"widget\" data-widget_type=\"text-editor.default\">\n\t\t\t\t<div class=\"elementor-widget-container\">\n\t\t\t\t\t\t\t\t\t<p><span style=\"color: #000000;\">COS&#8217;\u00c8<strong> IMMOBILIMPRESA.NET?<\/strong><\/span><\/p><p><span style=\"color: #000000;\">Immobilimpresa.net \u00e8 un motore di ricerca immobiliare specializzato nella pubblicazione di annunci di <strong>immobili non abitativi,<\/strong> dove \u00e8 possibile compilare gli spazi per la ricerca con i propri criteri di interesse come: capannoni industriali, spazi commerciali, uffici.<\/span><\/p><p><span style=\"color: #000000;\">All&#8217;interno di immobilimpresa.net si trovano diverse sezioni:\u00a0<\/span><\/p><p><span style=\"color: #000000;\"><strong>Trova immobili<\/strong>, capannoni industriali o commerciali, uffici, showroom, spazi commerciali, terreni agricoli o edificabili, locali pubblici, hotel.<\/span><\/p><p><span style=\"color: #000000;\"><strong>Attivit\u00e0 e licenze,<\/strong> per vendere hotel, B&amp;B, ristoranti, pizzerie, bar, attivit\u00e0 commerciali e licenze.<\/span><\/p><p><span style=\"color: #000000;\"><strong>Terreni,<\/strong> per trovare il terreno edificabile, urbano e agricolo che fa per te.<\/span><\/p><p><span style=\"color: #000000;\"><strong>Cercasi<\/strong>, per chi vuole vendere rapidamente il proprio immobile. Qui vengono inserite le RICHIESTE dei tuoi potenziali acquirenti, costantemente aggiornate.<\/span><\/p><p><span style=\"color: #000000;\">Vedi il funzionamento e i vantaggi perch\u00e9 Vendi o Affitti rapidamente come segue:<br \/><\/span><\/p><ul><li><span style=\"color: #000000;\">Cerchi i potenziali acquirenti secondo i tuoi parametri (es: VENDITA &#8211; CAPANNONE \u2013 BOLOGNA)<\/span><\/li><li><span style=\"color: #000000;\">Invia le richieste di contatto<\/span><\/li><li><span style=\"color: #000000;\">Tu inserisci i dettagli completi dell&#8217;immobile <br \/><\/span><\/li><li><span style=\"color: #000000;\">L&#8217;acquirente riceve tutte le informazioni, noi garantiamo il buon esito e la tutela della privacy<br \/><\/span><\/li><\/ul><p><span style=\"color: #000000;\"><strong>VANTAGGI <\/strong><\/span><\/p><ol><li><span style=\"color: #000000;\">Concludi l&#8217;affare rapidamente<\/span><\/li><li><span style=\"color: #000000;\">Ricevi da un nostro consulente assistenza diretta<\/span><\/li><li><span style=\"color: #000000;\">Hai l&#8217;opportunit\u00e0 di usufruire di servizi dedicati per ottenere i migliori risultati<\/span><\/li><li><span style=\"color: #000000;\">Mantieni sempre la riservatezza dei tuoi dati, della tua azienda, anche dell\u2019ubicazione del bene<\/span><\/li><\/ol><p><span style=\"color: #000000;\">Il motore di ricerca di immobilimpresa.net viene sfruttato (oppure di avvantaggiano)\u00a0 specifiche categorie di imprenditori (b2b) che si differenziano tra loro: utilizzatori che hanno generato una richiesta, proprietari, intermediari (agenzie immobiliari) e investitori.<\/span><\/p><p><span style=\"color: #000000;\"><strong>Utilizzatori <\/strong>: utenti interessati all\u2019acquisto o all\u2019affitto di un locale per la propria attivit\u00e0. Immobilimpresa.net da la possibilit\u00e0 di navigare tra offerte su tutto il territorio nazionale e trovare l\u2019immobile commerciale che pi\u00f9 desidera l\u2019utilizzatore.<\/span><\/p><p><span style=\"color: #000000;\"><strong>Proprietari<\/strong>: chi possiede l\u2019immobile che vuole vendere o dare in affitto tramite la pubblicazione di un annuncio sul motore di ricerca. Per pubblicare un annuncio su immobilimpresa.net, dopo essersi registrati, si pu\u00f2 scegliere i tre tipi di servizi che il portale propone: economico, base e super.<\/span><\/p><p><span style=\"color: #000000;\"><strong>Investitori: <\/strong>coloro che possiedono risorse economiche che desiderano investire in immobili ad uso non residenziale ed ottenere il miglior rendimento, anche partecipando alle vendite all&#8217;asta che sono sempre evidenziate.<\/span><\/p><p><span style=\"color: #000000;\"><strong>Intermediari (agenzia immobiliare)<\/strong>: un&#8217;impresa che svolge la mediazione in materia di compravendita o affitto di immobili. L&#8217;agente immobiliare \u00e8 il professionista che vi opera.<\/span><\/p><p><span style=\"color: #000000;\">Vedi i costi: <a style=\"color: #000000;\" href=\"https:\/\/www.immobilimpresa.net\/blog\/costi-e-condizioni\/\">https:\/\/www.immobilimpresa.net\/blog\/costi-e-condizioni\/<\/a><\/span><\/p>\t\t\t\t\t\t\t\t<\/div>\n\t\t\t\t<\/div>\n\t\t\t\t\t<\/div>\n\t\t<\/div>\n\t\t\t\t\t<\/div>\n\t\t<\/section>\n\t\t\t\t<\/div>\n\t\t","protected":false},"excerpt":{"rendered":"<p>UTILIZZATORI CHE HANNO GENERATO UNA RICHIESTA AL 11\/07\/2025 0 COS&#8217;\u00c8 IMMOBILIMPRESA.NET? Immobilimpresa.net \u00e8 un motore di ricerca immobiliare specializzato nella pubblicazione di annunci di immobili non abitativi, dove \u00e8 possibile compilare gli spazi per la ricerca con i propri criteri di interesse come: capannoni industriali, spazi commerciali, uffici. All&#8217;interno di immobilimpresa.net si trovano diverse sezioni:\u00a0 [&hellip;]<\/p>\n","protected":false},"author":1,"featured_media":0,"parent":0,"menu_order":0,"comment_status":"closed","ping_status":"closed","template":"","meta":{"om_disable_all_campaigns":false,"ocean_post_layout":"","ocean_both_sidebars_style":"","ocean_both_sidebars_content_width":0,"ocean_both_sidebars_sidebars_width":0,"ocean_sidebar":"0","ocean_second_sidebar":"0","ocean_disable_margins":"enable","ocean_add_body_class":"","ocean_shortcode_before_top_bar":"","ocean_shortcode_after_top_bar":"","ocean_shortcode_before_header":"","ocean_shortcode_after_header":"","ocean_has_shortcode":"","ocean_shortcode_after_title":"","ocean_shortcode_before_footer_widgets":"","ocean_shortcode_after_footer_widgets":"","ocean_shortcode_before_footer_bottom":"","ocean_shortcode_after_footer_bottom":"","ocean_display_top_bar":"default","ocean_display_header":"default","ocean_header_style":"","ocean_center_header_left_menu":"0","ocean_custom_header_template":"0","ocean_custom_logo":0,"ocean_custom_retina_logo":0,"ocean_custom_logo_max_width":0,"ocean_custom_logo_tablet_max_width":0,"ocean_custom_logo_mobile_max_width":0,"ocean_custom_logo_max_height":0,"ocean_custom_logo_tablet_max_height":0,"ocean_custom_logo_mobile_max_height":0,"ocean_header_custom_menu":"11","ocean_menu_typo_font_family":"0","ocean_menu_typo_font_subset":"","ocean_menu_typo_font_size":0,"ocean_menu_typo_font_size_tablet":0,"ocean_menu_typo_font_size_mobile":0,"ocean_menu_typo_font_size_unit":"px","ocean_menu_typo_font_weight":"","ocean_menu_typo_font_weight_tablet":"","ocean_menu_typo_font_weight_mobile":"","ocean_menu_typo_transform":"","ocean_menu_typo_transform_tablet":"","ocean_menu_typo_transform_mobile":"","ocean_menu_typo_line_height":0,"ocean_menu_typo_line_height_tablet":0,"ocean_menu_typo_line_height_mobile":0,"ocean_menu_typo_line_height_unit":"","ocean_menu_typo_spacing":0,"ocean_menu_typo_spacing_tablet":0,"ocean_menu_typo_spacing_mobile":0,"ocean_menu_typo_spacing_unit":"","ocean_menu_link_color":"","ocean_menu_link_color_hover":"","ocean_menu_link_color_active":"","ocean_menu_link_background":"","ocean_menu_link_hover_background":"","ocean_menu_link_active_background":"","ocean_menu_social_links_bg":"","ocean_menu_social_hover_links_bg":"","ocean_menu_social_links_color":"","ocean_menu_social_hover_links_color":"","ocean_disable_title":"default","ocean_disable_heading":"default","ocean_post_title":"","ocean_post_subheading":"","ocean_post_title_style":"","ocean_post_title_background_color":"","ocean_post_title_background":0,"ocean_post_title_bg_image_position":"","ocean_post_title_bg_image_attachment":"","ocean_post_title_bg_image_repeat":"","ocean_post_title_bg_image_size":"","ocean_post_title_height":0,"ocean_post_title_bg_overlay":0.5,"ocean_post_title_bg_overlay_color":"","ocean_disable_breadcrumbs":"default","ocean_breadcrumbs_color":"","ocean_breadcrumbs_separator_color":"","ocean_breadcrumbs_links_color":"","ocean_breadcrumbs_links_hover_color":"","ocean_display_footer_widgets":"default","ocean_display_footer_bottom":"default","ocean_custom_footer_template":"0","footnotes":""},"class_list":["post-1630","page","type-page","status-publish","hentry","entry"],"aioseo_notices":[],"_links":{"self":[{"href":"https:\/\/www.immobilimpresa.net\/blog\/wp-json\/wp\/v2\/pages\/1630","targetHints":{"allow":["GET"]}}],"collection":[{"href":"https:\/\/www.immobilimpresa.net\/blog\/wp-json\/wp\/v2\/pages"}],"about":[{"href":"https:\/\/www.immobilimpresa.net\/blog\/wp-json\/wp\/v2\/types\/page"}],"author":[{"embeddable":true,"href":"https:\/\/www.immobilimpresa.net\/blog\/wp-json\/wp\/v2\/users\/1"}],"replies":[{"embeddable":true,"href":"https:\/\/www.immobilimpresa.net\/blog\/wp-json\/wp\/v2\/comments?post=1630"}],"version-history":[{"count":70,"href":"https:\/\/www.immobilimpresa.net\/blog\/wp-json\/wp\/v2\/pages\/1630\/revisions"}],"predecessor-version":[{"id":1826,"href":"https:\/\/www.immobilimpresa.net\/blog\/wp-json\/wp\/v2\/pages\/1630\/revisions\/1826"}],"wp:attachment":[{"href":"https:\/\/www.immobilimpresa.net\/blog\/wp-json\/wp\/v2\/media?parent=1630"}],"curies":[{"name":"wp","href":"https:\/\/api.w.org\/{rel}","templated":true}]}}